{"id":830,"date":"2022-08-17T14:10:18","date_gmt":"2022-08-17T17:10:18","guid":{"rendered":"https:\/\/alfadentismed.cl\/?page_id=830"},"modified":"2022-09-08T16:24:49","modified_gmt":"2022-09-08T19:24:49","slug":"politicas-de-privacidad-y-uso-de-cookies","status":"publish","type":"page","link":"https:\/\/alfadentismed.cl\/index.php\/politicas-de-privacidad-y-uso-de-cookies\/","title":{"rendered":"Pol\u00edticas de Privacidad y uso de cookies"},"content":{"rendered":"<div class=\"wpb-content-wrapper\"><p>[vc_row full_width=&#8221;stretch_row&#8221; css=&#8221;.vc_custom_1544448590646{margin-bottom: 0px !important;background-color: #f7f7f7 !important;}&#8221;][vc_column css=&#8221;.vc_custom_1544104109970{padding-top: 0px !important;}&#8221;]<div class=\"clearboth\"><\/div><style>#thegem-divider-69f59fc2b04fd {margin-top: 30px !important;}<\/style><div id=\"thegem-divider-69f59fc2b04fd\" class=\"gem-divider  \" style=\"\" ><\/div>[vc_column_text]<\/p>\n<div class=\"title-h2\" style=\"text-align: center;\"><span style=\"color: #05cce0;\">Pol\u00edticas de Privacidad <\/span><span style=\"color: #0000ad;\"> y uso de cookies<\/span><\/div>\n<p>[\/vc_column_text]<div class=\"clearboth\"><\/div><style>#thegem-divider-69f59fc2b053d {margin-top: 30px !important;}<\/style><div id=\"thegem-divider-69f59fc2b053d\" class=\"gem-divider  \" style=\"\" ><\/div>[vc_row_inner][vc_column_inner offset=&#8221;vc_col-lg-offset-2 vc_col-lg-8 vc_col-md-offset-1 vc_col-md-10&#8243;][vc_column_text css=&#8221;.vc_custom_1660765572202{margin-bottom: 0px !important;}&#8221;]<\/p>\n<p style=\"text-align: left;\">El presente documento contiene las Pol\u00edticas de Privacidad y Uso de Cookies de ALFA DENTISMED\u00a0SPA, respecto de los usuarios o pacientes que accedan a trav\u00e9s de Internet al sitio Web de www.alfadentismed.cl,<\/p>\n<p style=\"text-align: left;\">Condiciones de Uso<\/p>\n<p style=\"text-align: left;\">Esta p\u00e1gina web es propiedad de ALFA DENTISMED\u00a0SPA. @alfa-dentismed-spa.\u00a0RUT: 76093245-0.<br \/>\ncuyo domicilio es Gabriela Poniente N\u00b0 115, Puente Alto, Regi\u00f3n Metropolitana.<br \/>\nTodos los contenidos de este sitio web, incluyendo textos, im\u00e1genes y otros, son propiedad intelectual de ALFA DENTISMED\u00a0SPA. As\u00ed mismo, la copia y el uso indebido del contenido de este sitio incluyendo textos, im\u00e1genes y otros se rigen por la Ley 17.336 sobre Propiedad Intelectual<\/p>\n<p style=\"text-align: left;\">Pol\u00edtica de privacidad de Datos<br \/>\nA trav\u00e9s del presente aviso, ALFA DENTISMED\u00a0SPA informa a los usuarios de este sitio acerca de su pol\u00edtica de protecci\u00f3n de datos personales, con la finalidad de que decidan libre y voluntariamente si desean facilitar a ALFA DENTISMED\u00a0SPA los datos personales que les puedan ser solicitados.<br \/>\nSi el usuario fuera menor de edad, se requiere que cuente con el previo consentimiento de sus padres o tutores antes de proceder a la inclusi\u00f3n de sus datos personales en los formularios del sitio. ALFA DENTISMED\u00a0SPA se exime de cualquier responsabilidad por el incumplimiento de este requisito.<\/p>\n<p style=\"text-align: left;\">Salvo que espec\u00edficamente se establezca lo contrario, se considerar\u00e1 necesario completar los datos en todos los campos de un espec\u00edfico formulario. Si no se suministraran todos los datos considerados necesarios, que se destacar\u00e1n diferenciando el color, ALFA DENTISMED\u00a0SPA podr\u00e1 no registrar al usuario (en el caso del formulario de registro de usuarios) o no prestarle un(os) determinado(s) servicio(s) (en el caso de un formulario para un determinado servicio).<\/p>\n<p style=\"text-align: left;\">El usuario deber\u00e1 rellenar los formularios con datos verdaderos, exactos, completos y actualizados. El usuario ser\u00e1 el \u00fanico responsable de cualquier da\u00f1o o perjuicio, directo o indirecto, que pudiera ocasionar a ALFA DENTISMED\u00a0SPA o a cualquier tercero a causa de la cumplimentaci\u00f3n de los formularios con datos falsos, inexactos, incompletos o no actualizados.<\/p>\n<p style=\"text-align: left;\">Mediante este documento se informa a los usuarios de la existencia de ficheros automatizados en los que se almacenan los datos que se recaban en los distintos formularios de este sitio. Los ficheros automatizados de datos son responsabilidad de ALFA DENTISMED\u00a0SPA.<\/p>\n<p style=\"text-align: left;\">Mediante el env\u00edo de esta informaci\u00f3n, el usuario autoriza expresamente a ALFA DENTISMED\u00a0SPA o al responsable del fichero que espec\u00edficamente se indique a tratar sus datos personales, incluso aquellos relativos a la salud, en la medida en que sean necesarios para el cumplimiento y mantenimiento de las relaciones existentes entre las partes as\u00ed como, en su caso, el env\u00edo, por cualquier medio incluidos los electr\u00f3nicos, de publicidad u otras ofertas, relacionadas con productos y servicios financieros, de seguros, socio-sanitarios y\/o de salud o bienestar, que pudieran resultar de su inter\u00e9s de la entidad y terceros con los que establezca v\u00ednculos de colaboraci\u00f3n, autorizando el usuario a dicha entidad responsable a tratar sus datos para enviarle la informaci\u00f3n que m\u00e1s se adapte a sus necesidades espec\u00edficas.<\/p>\n<p style=\"text-align: left;\">Asimismo, el usuario autoriza expresamente la cesi\u00f3n de dichos datos a ALFA DENTISMED\u00a0SPA que constan identificadas en el sitio web de www.alfadentismed.cl, as\u00ed como al coasegurador y\/o reasegurador del riesgo y cualquier otra entidad con la que establezca v\u00ednculos de colaboraci\u00f3n, para la efectividad de las relaciones contractuales con el usuario, as\u00ed como para el env\u00edo de informaci\u00f3n comercial de las mismas relacionadas con productos y servicios financieros, de seguros de salud o bienestar, por cualquier medio incluidos los electr\u00f3nicos.<\/p>\n<p style=\"text-align: left;\">Uso de Cookies<\/p>\n<p style=\"text-align: left;\">En nuestra web usamos cookies propias que nos permiten mejorar la experiencia de usuario y ofrecer contenidos adaptados a tus intereses gracias a la personalizaci\u00f3n del contenido. Adem\u00e1s usamos cookies de terceras partes que personalizan la publicidad de las p\u00e1ginas que visitas con contenido de inter\u00e9s para nuestros usuarios.<\/p>\n<p style=\"text-align: left;\">En caso de que contin\u00faes navegando con el navegador configurado para aceptar cookies entenderemos que aceptas la instalaci\u00f3n de cookies tal y como se detalla en la Pol\u00edtica de Cookies.<\/p>\n<p style=\"text-align: left;\">Informaci\u00f3n b\u00e1sica de cookies<\/p>\n<p style=\"text-align: left;\">\u00bfQu\u00e9 son las cookies?<\/p>\n<p style=\"text-align: left;\">Las cookies son peque\u00f1as piezas de informaci\u00f3n que se almacenan en el navegador de tu ordenador, tableta o tel\u00e9fono m\u00f3vil cuando visitas nuestro sitio web, y que facilitan y personalizan la navegaci\u00f3n cuando visitas las mismas p\u00e1ginas.<\/p>\n<p style=\"text-align: left;\">\u00bfQu\u00e9 hacen las cookies?<\/p>\n<p style=\"text-align: left;\">Las cookies no te identifican personalmente y no suponen ning\u00fan riesgo para tu ordenador o dispositivo m\u00f3vil. No son virus ni software esp\u00eda. Simplemente son herramientas utilizadas por los sitios web que visitas para mejorar tu navegaci\u00f3n, para que tus datos viajen por la red seguros, para ayudarnos a entender qu\u00e9 informaci\u00f3n de nuestra web es m\u00e1s \u00fatil para nuestros usuarios o para saber qu\u00e9 ofertas pueden ser del inter\u00e9s de cada usuario. Y todo ello de una manera totalmente an\u00f3nima: nunca sabremos tu nombre, direcci\u00f3n o tel\u00e9fono a menos que t\u00fa nos los facilites. T\u00fa decides si permites o no las cookies, pero si decides no permitirlas, debes bloquearlas en tu navegador. Antes de bloquearlas, queremos ayudarte mejor a entender c\u00f3mo se usan las cookies.<\/p>\n<p style=\"text-align: left;\">Por ejemplo, en ALFA DENTISMED\u00a0SPA usamos cookies:<\/p>\n<p style=\"text-align: left;\">\u2022 Cuando accedes a tu \u00e1rea de socio, as\u00ed no tienes que escribir tu nombre de usuario constantemente.<br \/>\n\u2022 Para conocer tus intereses en tu pr\u00f3xima visita a nuestra web y ofrecerte adaptar nuestro contenido a ti (todo el contenido estar\u00e1 disponible igualmente pero as\u00ed te facilitamos que llegues a lo que realmente te interesa m\u00e1s r\u00e1pido).<br \/>\n\u2022 Y tambi\u00e9n, para ofrecerte contenido personalizado.<\/p>\n<p style=\"text-align: left;\">Adem\u00e1s debes tener en cuenta que, si decides no permitir el uso de cookies de sanitas.es puede que algunas caracter\u00edsticas de la web no funcionen correctamente y, adem\u00e1s, no podremos adaptar la informaci\u00f3n que te ofrecemos a tus intereses.<\/p>\n<p style=\"text-align: left;\">\u00bfDurante cu\u00e1nto tiempo est\u00e1n activas las cookies?<\/p>\n<p style=\"text-align: left;\">B\u00e1sicamente hay dos tipos de cookies:<\/p>\n<p style=\"text-align: left;\">\u2022 Las de sesi\u00f3n, que expiran cuando abandonas la p\u00e1gina o cierras el navegador, es decir, est\u00e1n activas mientras dura tu visita a nuestro sitio web. Se borran cuando apagas el dispositivo.<br \/>\n\u2022 Las permanentes, que expiran cuando se cumple el objetivo para el que sirven o bien cuando se borran manualmente, todas tienen una fecha de borrado autom\u00e1tica y se utilizan normalmente en procesos de compra online, personalizaciones o en el registro, para no tener que introducir la contrase\u00f1a constantemente.<\/p>\n<p style=\"text-align: left;\">\u00bfPara qu\u00e9 usamos cookies en los sitios de ALFA DENTISMED\u00a0SPA?<\/p>\n<p style=\"text-align: left;\">En ALFA DENTISMED\u00a0SPA utilizamos las cookies para distintas finalidades que son b\u00e1sicamente estas:<\/p>\n<p style=\"text-align: left;\">\u2022 T\u00e9cnicas: son necesarias para que puedas navegar por sanitas.es correctamente y que puedas acceder a todas las secciones sin problemas.<br \/>\n\u2022 De an\u00e1lisis: nos permiten entender c\u00f3mo navegas por nuestra web, ver qu\u00e9 funciona y qu\u00e9 no, mejorar la p\u00e1gina web, calcular cu\u00e1nta gente visita sanitas.es con el fin de mejorar los servicios que te podemos ofrecer. Esta informaci\u00f3n es an\u00f3nima, y solo la necesitamos para fines estad\u00edsticos.<br \/>\n\u2022 Complementos de social media: facilitan tu acceso a nuestros canales en redes sociales para que puedan mantenerte al d\u00eda con consejos y novedades as\u00ed como &#8211; participar de nuestra comunidad online.<br \/>\n\u2022 Publicidad: a veces analizamos tus preferencias en la web para poder mostrarte publicidad relacionada con tus gustos. As\u00ed no te hacemos perder el tiempo con ofertas que realmente no te son \u00fatiles.<\/p>\n<p style=\"text-align: left;\">C\u00f3mo configurar\/desactivar las cookies<\/p>\n<p style=\"text-align: left;\">\u00bfQuieres desactivar las cookies de tu navegador?<\/p>\n<p style=\"text-align: left;\">Generalmente los navegadores permiten las cookies por defecto. Cuando navegas por el sitio web de ALFA DENTISMED\u00a0SPA est\u00e1s aceptando el uso de las cookies. Sin embargo t\u00fa decides si quieres navegar con o sin cookies ya que pueden modificar tus preferencias en cualquier momento.<br \/>\nTe contamos como hacerlo aqu\u00ed:<\/p>\n<p style=\"text-align: left;\">Internet Explorer<\/p>\n<p style=\"text-align: left;\">1. Haz clic en el bot\u00f3n Herramientas de Internet Explorer y, despu\u00e9s, en Opciones de Internet.<br \/>\n2. Haz clic en la pesta\u00f1a Privacidad y, a continuaci\u00f3n, mueve el control deslizante hasta el nivel de privacidad que desees. Tras ello, haz clic en Aceptar.<br \/>\n3. A medida que vayas moviendo el control deslizante, Internet Explorer te ofrecer\u00e1 una descripci\u00f3n de los tipos de cookies que se bloquean o permiten en cada nivel de privacidad.<\/p>\n<p style=\"text-align: left;\">Firefox<\/p>\n<p style=\"text-align: left;\">1. En la parte superior de la ventana de Firefox, haz clic en el bot\u00f3n Firefox y selecciona Opciones.<br \/>\n2. Selecciona el panel Privacidad.<br \/>\n3. En Firefox selecciona: Usar una configuraci\u00f3n personalizada para el historial.<br \/>\n4. Marca la opci\u00f3n Aceptar cookies para activarlas, y desm\u00e1rcala para desactivarlas.<br \/>\n5. Elige durante cu\u00e1nto tiempo las cookies ser\u00e1n almacenadas:<br \/>\na. Mantener hasta que: caduquen: la cookie ser\u00e1 borrada cuando alcance su fecha de caducidad, que es configurada por el sitio que envi\u00f3 la cookie.<br \/>\nb. Mantener hasta que: cierre Firefox: las cookies que son almacenadas en tu ordenador ser\u00e1n borradas cuando se cierre Firefox.<br \/>\nc. Mantener hasta que: preguntar siempre: muestra una alerta cada vez que un sitio web intenta enviar una cookie preguntando si deseas almacenarla.<br \/>\n6. Haz clic en Aceptar para cerrar la ventana de Opciones.<\/p>\n<p style=\"text-align: left;\">Chrome<\/p>\n<p style=\"text-align: left;\">1. Haz clic en el men\u00fa de Chrome en la barra de herramientas del navegador.<br \/>\n2. Selecciona Configuraci\u00f3n.<br \/>\n3. Haz clic en Mostrar opciones avanzadas.<br \/>\n4. En la secci\u00f3n &#8220;Privacidad&#8221;, haz clic en el bot\u00f3n Configuraci\u00f3n de contenido.<br \/>\n5. En la secci\u00f3n &#8220;Cookies&#8221;, puedes configurar las opciones que se indican a continuaci\u00f3n:<br \/>\na. Eliminar cookies.<br \/>\nb. C\u00f3mo bloquear las cookies de forma predeterminada.<br \/>\nc. C\u00f3mo permitir las cookies de forma predeterminada.<br \/>\nd. Guardar cookies y datos de sitios de forma predeterminada hasta cerrar el navegador.<br \/>\ne. Incluir excepciones de cookies de dominios o sitios web espec\u00edficos.<\/p>\n<p style=\"text-align: left;\">Safari<\/p>\n<p style=\"text-align: left;\">1. Ve a Preferencias y, en el panel Privacidad, elige Bloquear Cookies.<br \/>\n2. Selecciona la opci\u00f3n que prefieras:<br \/>\na. De publicidad y terceros.<br \/>\nb. Siempre<br \/>\nc. Nunca<\/p>\n<p style=\"text-align: left;\">Opera<\/p>\n<p style=\"text-align: left;\">1. Accede a la secci\u00f3n Configuraci\u00f3n &gt; Opciones &gt; Avanzado &gt; Cookies<br \/>\na. Aceptar cookies. Se aceptan todos (predeterminado)<br \/>\nb. Aceptar cookies s\u00f3lo del sitio visitado. Se rechazan los cookies de terceros, para dominios externos al que se est\u00e1 visitando.<br \/>\nc. No aceptar cookies nunca. Se rechazan todas las cookies.<\/p>\n<p style=\"text-align: left;\">IPhone<\/p>\n<p style=\"text-align: left;\">1. En la pantalla de inicio, selecciona Ajustes &gt; Safari y, a continuaci\u00f3n, realiza una de estas acciones:<br \/>\na. Pulsa Aceptar cookies y elige la opci\u00f3n que prefieras:<br \/>\ni. &#8220;Nunca&#8221;<br \/>\nii. &#8220;De las visitadas&#8221;<br \/>\niii. &#8220;Siempre&#8221;<br \/>\nb. Para borrar todas las cookies de Safari, pulsa Ajustes &gt; Safari &gt; Borrar cookies y datos<\/p>\n<p style=\"text-align: left;\">Android<\/p>\n<p style=\"text-align: left;\">1. Abrir el navegador de Android, pulsamos la tecla Men\u00fa y accedemos a la opci\u00f3n Ajustes.<br \/>\n2. En la secci\u00f3n Seguridad y Privacidad activamos o desactivamos la casilla Aceptar cookies.<br \/>\n3. Reinicia el navegador para que los cambios sean efectivos.<\/p>\n<p style=\"text-align: left;\">Windows Phone<\/p>\n<p style=\"text-align: left;\">1. En Internet Explorer, pulsa en M\u00e1s &gt; Configuraci\u00f3n. Tambi\u00e9n puedes obtener acceso a la configuraci\u00f3n de Internet Explorer a trav\u00e9s de Configuraci\u00f3n, en la lista de aplicaciones.<br \/>\n2. Selecciona o desactiva la opci\u00f3n Permitir cookies en el tel\u00e9fono para permitir o bloquear el almacenamiento de cookies.<\/p>\n<p>[\/vc_column_text][\/vc_column_inner][\/vc_row_inner]<div class=\"clearboth\"><\/div><style>#thegem-divider-69f59fc2b054d {margin-top: 90px !important;}<\/style><div id=\"thegem-divider-69f59fc2b054d\" class=\"gem-divider  \" style=\"\" ><\/div>[\/vc_column][\/vc_row]<\/p>\n<\/div>","protected":false},"excerpt":{"rendered":"<p>[vc_row full_width=&#8221;stretch_row&#8221; css=&#8221;.vc_custom_1544448590646{margin-bottom: 0px !important;background-color: #f7f7f7 !important;}&#8221;][vc_column css=&#8221;.vc_custom_1544104109970{padding-top: 0px !important;}&#8221;][vc_column_text] Pol\u00edticas de Privacidad y uso de cookies [\/vc_column_text][vc_row_inner][vc_column_inner offset=&#8221;vc_col-lg-offset-2 vc_col-lg-8&#8230;<\/p>\n","protected":false},"author":2,"featured_media":0,"parent":0,"menu_order":0,"comment_status":"closed","ping_status":"closed","template":"","meta":{"footnotes":""},"class_list":["post-830","page","type-page","status-publish"],"yoast_head":"<!-- This site is optimized with the Yoast SEO plugin v27.3 - https:\/\/yoast.com\/product\/yoast-seo-wordpress\/ -->\n<title>Pol\u00edticas de Privacidad y uso de cookies - Clinica Dental AlfaDentisMed<\/title>\n<meta name=\"robots\" content=\"index, follow, max-snippet:-1, max-image-preview:large, max-video-preview:-1\" \/>\n<link rel=\"canonical\" href=\"https:\/\/alfadentismed.cl\/index.php\/politicas-de-privacidad-y-uso-de-cookies\/\" \/>\n<meta property=\"og:locale\" content=\"es_ES\" \/>\n<meta property=\"og:type\" content=\"article\" \/>\n<meta property=\"og:title\" content=\"Pol\u00edticas de Privacidad y uso de cookies - Clinica Dental AlfaDentisMed\" \/>\n<meta property=\"og:description\" content=\"[vc_row full_width=&#8221;stretch_row&#8221; css=&#8221;.vc_custom_1544448590646{margin-bottom: 0px !important;background-color: #f7f7f7 !important;}&#8221;][vc_column css=&#8221;.vc_custom_1544104109970{padding-top: 0px !important;}&#8221;][vc_column_text] Pol\u00edticas de Privacidad y uso de cookies [\/vc_column_text][vc_row_inner][vc_column_inner offset=&#8221;vc_col-lg-offset-2 vc_col-lg-8...\" \/>\n<meta property=\"og:url\" content=\"https:\/\/alfadentismed.cl\/index.php\/politicas-de-privacidad-y-uso-de-cookies\/\" \/>\n<meta property=\"og:site_name\" content=\"Clinica Dental AlfaDentisMed\" \/>\n<meta property=\"article:modified_time\" content=\"2022-09-08T19:24:49+00:00\" \/>\n<meta name=\"twitter:card\" content=\"summary_large_image\" \/>\n<meta name=\"twitter:label1\" content=\"Tiempo estimado de lectura\" \/>\n\t<meta name=\"twitter:data1\" content=\"9 minutos\" \/>\n<script type=\"application\/ld+json\" class=\"yoast-schema-graph\">{\"@context\":\"https:\\\/\\\/schema.org\",\"@graph\":[{\"@type\":\"WebPage\",\"@id\":\"https:\\\/\\\/alfadentismed.cl\\\/index.php\\\/politicas-de-privacidad-y-uso-de-cookies\\\/\",\"url\":\"https:\\\/\\\/alfadentismed.cl\\\/index.php\\\/politicas-de-privacidad-y-uso-de-cookies\\\/\",\"name\":\"Pol\u00edticas de Privacidad y uso de cookies - Clinica Dental AlfaDentisMed\",\"isPartOf\":{\"@id\":\"https:\\\/\\\/alfadentismed.cl\\\/#website\"},\"datePublished\":\"2022-08-17T17:10:18+00:00\",\"dateModified\":\"2022-09-08T19:24:49+00:00\",\"breadcrumb\":{\"@id\":\"https:\\\/\\\/alfadentismed.cl\\\/index.php\\\/politicas-de-privacidad-y-uso-de-cookies\\\/#breadcrumb\"},\"inLanguage\":\"es-CL\",\"potentialAction\":[{\"@type\":\"ReadAction\",\"target\":[\"https:\\\/\\\/alfadentismed.cl\\\/index.php\\\/politicas-de-privacidad-y-uso-de-cookies\\\/\"]}]},{\"@type\":\"BreadcrumbList\",\"@id\":\"https:\\\/\\\/alfadentismed.cl\\\/index.php\\\/politicas-de-privacidad-y-uso-de-cookies\\\/#breadcrumb\",\"itemListElement\":[{\"@type\":\"ListItem\",\"position\":1,\"name\":\"Portada\",\"item\":\"https:\\\/\\\/alfadentismed.cl\\\/\"},{\"@type\":\"ListItem\",\"position\":2,\"name\":\"Pol\u00edticas de Privacidad y uso de cookies\"}]},{\"@type\":\"WebSite\",\"@id\":\"https:\\\/\\\/alfadentismed.cl\\\/#website\",\"url\":\"https:\\\/\\\/alfadentismed.cl\\\/\",\"name\":\"Clinica Dental AlfaDentisMed\",\"description\":\"Somos una cl\u00ednica dental con mas de 20 a\u00f1os de experiencia, dedicada a mejorar las sonrisas de nuestros pacientes.\",\"potentialAction\":[{\"@type\":\"SearchAction\",\"target\":{\"@type\":\"EntryPoint\",\"urlTemplate\":\"https:\\\/\\\/alfadentismed.cl\\\/?s={search_term_string}\"},\"query-input\":{\"@type\":\"PropertyValueSpecification\",\"valueRequired\":true,\"valueName\":\"search_term_string\"}}],\"inLanguage\":\"es-CL\"}]}<\/script>\n<!-- \/ Yoast SEO plugin. -->","yoast_head_json":{"title":"Pol\u00edticas de Privacidad y uso de cookies - Clinica Dental AlfaDentisMed","robots":{"index":"index","follow":"follow","max-snippet":"max-snippet:-1","max-image-preview":"max-image-preview:large","max-video-preview":"max-video-preview:-1"},"canonical":"https:\/\/alfadentismed.cl\/index.php\/politicas-de-privacidad-y-uso-de-cookies\/","og_locale":"es_ES","og_type":"article","og_title":"Pol\u00edticas de Privacidad y uso de cookies - Clinica Dental AlfaDentisMed","og_description":"[vc_row full_width=&#8221;stretch_row&#8221; css=&#8221;.vc_custom_1544448590646{margin-bottom: 0px !important;background-color: #f7f7f7 !important;}&#8221;][vc_column css=&#8221;.vc_custom_1544104109970{padding-top: 0px !important;}&#8221;][vc_column_text] Pol\u00edticas de Privacidad y uso de cookies [\/vc_column_text][vc_row_inner][vc_column_inner offset=&#8221;vc_col-lg-offset-2 vc_col-lg-8...","og_url":"https:\/\/alfadentismed.cl\/index.php\/politicas-de-privacidad-y-uso-de-cookies\/","og_site_name":"Clinica Dental AlfaDentisMed","article_modified_time":"2022-09-08T19:24:49+00:00","twitter_card":"summary_large_image","twitter_misc":{"Tiempo estimado de lectura":"9 minutos"},"schema":{"@context":"https:\/\/schema.org","@graph":[{"@type":"WebPage","@id":"https:\/\/alfadentismed.cl\/index.php\/politicas-de-privacidad-y-uso-de-cookies\/","url":"https:\/\/alfadentismed.cl\/index.php\/politicas-de-privacidad-y-uso-de-cookies\/","name":"Pol\u00edticas de Privacidad y uso de cookies - Clinica Dental AlfaDentisMed","isPartOf":{"@id":"https:\/\/alfadentismed.cl\/#website"},"datePublished":"2022-08-17T17:10:18+00:00","dateModified":"2022-09-08T19:24:49+00:00","breadcrumb":{"@id":"https:\/\/alfadentismed.cl\/index.php\/politicas-de-privacidad-y-uso-de-cookies\/#breadcrumb"},"inLanguage":"es-CL","potentialAction":[{"@type":"ReadAction","target":["https:\/\/alfadentismed.cl\/index.php\/politicas-de-privacidad-y-uso-de-cookies\/"]}]},{"@type":"BreadcrumbList","@id":"https:\/\/alfadentismed.cl\/index.php\/politicas-de-privacidad-y-uso-de-cookies\/#breadcrumb","itemListElement":[{"@type":"ListItem","position":1,"name":"Portada","item":"https:\/\/alfadentismed.cl\/"},{"@type":"ListItem","position":2,"name":"Pol\u00edticas de Privacidad y uso de cookies"}]},{"@type":"WebSite","@id":"https:\/\/alfadentismed.cl\/#website","url":"https:\/\/alfadentismed.cl\/","name":"Clinica Dental AlfaDentisMed","description":"Somos una cl\u00ednica dental con mas de 20 a\u00f1os de experiencia, dedicada a mejorar las sonrisas de nuestros pacientes.","potentialAction":[{"@type":"SearchAction","target":{"@type":"EntryPoint","urlTemplate":"https:\/\/alfadentismed.cl\/?s={search_term_string}"},"query-input":{"@type":"PropertyValueSpecification","valueRequired":true,"valueName":"search_term_string"}}],"inLanguage":"es-CL"}]}},"_links":{"self":[{"href":"https:\/\/alfadentismed.cl\/index.php\/wp-json\/wp\/v2\/pages\/830","targetHints":{"allow":["GET"]}}],"collection":[{"href":"https:\/\/alfadentismed.cl\/index.php\/wp-json\/wp\/v2\/pages"}],"about":[{"href":"https:\/\/alfadentismed.cl\/index.php\/wp-json\/wp\/v2\/types\/page"}],"author":[{"embeddable":true,"href":"https:\/\/alfadentismed.cl\/index.php\/wp-json\/wp\/v2\/users\/2"}],"replies":[{"embeddable":true,"href":"https:\/\/alfadentismed.cl\/index.php\/wp-json\/wp\/v2\/comments?post=830"}],"version-history":[{"count":6,"href":"https:\/\/alfadentismed.cl\/index.php\/wp-json\/wp\/v2\/pages\/830\/revisions"}],"predecessor-version":[{"id":860,"href":"https:\/\/alfadentismed.cl\/index.php\/wp-json\/wp\/v2\/pages\/830\/revisions\/860"}],"wp:attachment":[{"href":"https:\/\/alfadentismed.cl\/index.php\/wp-json\/wp\/v2\/media?parent=830"}],"curies":[{"name":"wp","href":"https:\/\/api.w.org\/{rel}","templated":true}]}}